{"id":191,"date":"2025-09-12T21:30:10","date_gmt":"2025-09-12T21:30:10","guid":{"rendered":"https:\/\/capitalyfondeo.com\/?page_id=191"},"modified":"2025-09-12T23:51:25","modified_gmt":"2025-09-12T23:51:25","slug":"relacion_inversionistas","status":"publish","type":"page","link":"https:\/\/capitalyfondeo.com\/index.php\/relacion_inversionistas\/","title":{"rendered":"Relaci\u00f3n con Inversionistas"},"content":{"rendered":"\n<div class=\"wp-block-cover\" style=\"min-height:269px;aspect-ratio:unset;\"><span aria-hidden=\"true\" class=\"wp-block-cover__background has-basecolor-background-color has-background-dim-100 has-background-dim\"><\/span><div class=\"wp-block-cover__inner-container has-global-padding is-layout-constrained wp-block-cover-is-layout-constrained\">\n<p class=\"has-text-align-center has-large-font-size\">Centro de Reportes<\/p>\n<\/div><\/div>\n\n\n\n<h1 class=\"wp-block-heading\" id=\"headline-108-1040\">INFORMES ANUALES<\/h1>\n\n\n\n<h1 class=\"wp-block-heading\" id=\"headline-108-1040\">INFORMES ANTERIORES<\/h1>\n\n\n\n<p class=\"has-text-align-center\">Para cualquier informe o aclaraci\u00f3n p\u00f3ngase en contacto con nuestro departamento<br>de relaci\u00f3n con inversionistas.<\/p>\n\n\n\n<p><a target=\"_blank\" href=\"https:\/\/www.carso.com.mx\/wp-content\/uploads\/2020\/01\/2010.pdf\" rel=\"noreferrer noopener\"><\/a><\/p>\n\n\n\n<p><\/p>\n","protected":false},"excerpt":{"rendered":"<p>INFORMES ANUALES INFORMES ANTERIORES Para cualquier informe o aclaraci\u00f3n p\u00f3ngase en contacto con nuestro departamentode relaci\u00f3n con inversionistas.<\/p>\n","protected":false},"author":1,"featured_media":0,"parent":0,"menu_order":0,"comment_status":"closed","ping_status":"closed","template":"","meta":{"footnotes":""},"class_list":["post-191","page","type-page","status-publish","hentry"],"_links":{"self":[{"href":"https:\/\/capitalyfondeo.com\/index.php\/wp-json\/wp\/v2\/pages\/191","targetHints":{"allow":["GET"]}}],"collection":[{"href":"https:\/\/capitalyfondeo.com\/index.php\/wp-json\/wp\/v2\/pages"}],"about":[{"href":"https:\/\/capitalyfondeo.com\/index.php\/wp-json\/wp\/v2\/types\/page"}],"author":[{"embeddable":true,"href":"https:\/\/capitalyfondeo.com\/index.php\/wp-json\/wp\/v2\/users\/1"}],"replies":[{"embeddable":true,"href":"https:\/\/capitalyfondeo.com\/index.php\/wp-json\/wp\/v2\/comments?post=191"}],"version-history":[{"count":7,"href":"https:\/\/capitalyfondeo.com\/index.php\/wp-json\/wp\/v2\/pages\/191\/revisions"}],"predecessor-version":[{"id":210,"href":"https:\/\/capitalyfondeo.com\/index.php\/wp-json\/wp\/v2\/pages\/191\/revisions\/210"}],"wp:attachment":[{"href":"https:\/\/capitalyfondeo.com\/index.php\/wp-json\/wp\/v2\/media?parent=191"}],"curies":[{"name":"wp","href":"https:\/\/api.w.org\/{rel}","templated":true}]}}